{"id":26,"date":"2022-09-09T22:49:42","date_gmt":"2022-09-09T22:49:42","guid":{"rendered":"https:\/\/azevedoesilvaadvogados.com.br\/?page_id=26"},"modified":"2022-09-14T12:06:51","modified_gmt":"2022-09-14T12:06:51","slug":"direito-penal-economico","status":"publish","type":"page","link":"https:\/\/azevedoesilvaadvogados.com.br\/index.php\/direito-penal-economico\/","title":{"rendered":"DIREITO PENAL ECON\u00d4MICO:"},"content":{"rendered":"\n<h4 class=\"wp-block-heading\">Temos extensa atua\u00e7\u00e3o na advocacia e na consultoria jur\u00eddica criminais, com \u00eanfase no Direito<br>Penal Econ\u00f4mico, envolvendo nicho especializado como o Direito Penal Tribut\u00e1rio, que abrange processos<br>por crimes contra a ordem tribut\u00e1ria, contra o sistema financeiro nacional e contra a ordem econ\u00f4mica.<\/h4>\n","protected":false},"excerpt":{"rendered":"<p>Temos extensa atua\u00e7\u00e3o na advocacia e na consultoria jur\u00eddica criminais, com \u00eanfase no DireitoPenal Econ\u00f4mico, envolvendo nicho especializado como o Direito Penal Tribut\u00e1rio, que abrange processospor crimes contra a ordem tribut\u00e1ria, contra o sistema financeiro nacional e contra a ordem&hellip;<a href=\"https:\/\/azevedoesilvaadvogados.com.br\/index.php\/direito-penal-economico\/\" class=\"more-link\"><span class=\"more-button\">Continue lendo<span class=\"screen-reader-text\">DIREITO PENAL ECON\u00d4MICO:<\/span><\/span><\/a><\/p>\n","protected":false},"author":1,"featured_media":0,"parent":0,"menu_order":0,"comment_status":"closed","ping_status":"closed","template":"","meta":{"_joinchat":[],"footnotes":""},"class_list":["post-26","page","type-page","status-publish","hentry"],"_links":{"self":[{"href":"https:\/\/azevedoesilvaadvogados.com.br\/index.php\/wp-json\/wp\/v2\/pages\/26","targetHints":{"allow":["GET"]}}],"collection":[{"href":"https:\/\/azevedoesilvaadvogados.com.br\/index.php\/wp-json\/wp\/v2\/pages"}],"about":[{"href":"https:\/\/azevedoesilvaadvogados.com.br\/index.php\/wp-json\/wp\/v2\/types\/page"}],"author":[{"embeddable":true,"href":"https:\/\/azevedoesilvaadvogados.com.br\/index.php\/wp-json\/wp\/v2\/users\/1"}],"replies":[{"embeddable":true,"href":"https:\/\/azevedoesilvaadvogados.com.br\/index.php\/wp-json\/wp\/v2\/comments?post=26"}],"version-history":[{"count":3,"href":"https:\/\/azevedoesilvaadvogados.com.br\/index.php\/wp-json\/wp\/v2\/pages\/26\/revisions"}],"predecessor-version":[{"id":260,"href":"https:\/\/azevedoesilvaadvogados.com.br\/index.php\/wp-json\/wp\/v2\/pages\/26\/revisions\/260"}],"wp:attachment":[{"href":"https:\/\/azevedoesilvaadvogados.com.br\/index.php\/wp-json\/wp\/v2\/media?parent=26"}],"curies":[{"name":"wp","href":"https:\/\/api.w.org\/{rel}","templated":true}]}}