{"id":24,"date":"2022-09-09T22:47:59","date_gmt":"2022-09-09T22:47:59","guid":{"rendered":"https:\/\/azevedoesilvaadvogados.com.br\/?page_id=24"},"modified":"2022-09-14T11:49:04","modified_gmt":"2022-09-14T11:49:04","slug":"direito-de-transito","status":"publish","type":"page","link":"https:\/\/azevedoesilvaadvogados.com.br\/index.php\/direito-de-transito\/","title":{"rendered":"DIREITO DE TR\u00c2NSITO:"},"content":{"rendered":"\n<h1 class=\"wp-block-heading\">Atuamos com ampla experi\u00eancia na \u00e1rea de direito de tr\u00e2nsito, com \u00eanfase em a\u00e7\u00f5es de anula\u00e7\u00e3o de multas e pontos na Carteira Nacional de Habilita\u00e7\u00e3o.<\/h1>\n","protected":false},"excerpt":{"rendered":"<p>Atuamos com ampla experi\u00eancia na \u00e1rea de direito de tr\u00e2nsito, com \u00eanfase em a\u00e7\u00f5es de anula\u00e7\u00e3o de multas e pontos na Carteira Nacional de Habilita\u00e7\u00e3o.<\/p>\n","protected":false},"author":1,"featured_media":0,"parent":0,"menu_order":0,"comment_status":"closed","ping_status":"closed","template":"","meta":{"_joinchat":[],"footnotes":""},"class_list":["post-24","page","type-page","status-publish","hentry"],"_links":{"self":[{"href":"https:\/\/azevedoesilvaadvogados.com.br\/index.php\/wp-json\/wp\/v2\/pages\/24","targetHints":{"allow":["GET"]}}],"collection":[{"href":"https:\/\/azevedoesilvaadvogados.com.br\/index.php\/wp-json\/wp\/v2\/pages"}],"about":[{"href":"https:\/\/azevedoesilvaadvogados.com.br\/index.php\/wp-json\/wp\/v2\/types\/page"}],"author":[{"embeddable":true,"href":"https:\/\/azevedoesilvaadvogados.com.br\/index.php\/wp-json\/wp\/v2\/users\/1"}],"replies":[{"embeddable":true,"href":"https:\/\/azevedoesilvaadvogados.com.br\/index.php\/wp-json\/wp\/v2\/comments?post=24"}],"version-history":[{"count":2,"href":"https:\/\/azevedoesilvaadvogados.com.br\/index.php\/wp-json\/wp\/v2\/pages\/24\/revisions"}],"predecessor-version":[{"id":250,"href":"https:\/\/azevedoesilvaadvogados.com.br\/index.php\/wp-json\/wp\/v2\/pages\/24\/revisions\/250"}],"wp:attachment":[{"href":"https:\/\/azevedoesilvaadvogados.com.br\/index.php\/wp-json\/wp\/v2\/media?parent=24"}],"curies":[{"name":"wp","href":"https:\/\/api.w.org\/{rel}","templated":true}]}}