{"id":21,"date":"2022-09-09T22:46:00","date_gmt":"2022-09-09T22:46:00","guid":{"rendered":"https:\/\/azevedoesilvaadvogados.com.br\/?page_id=21"},"modified":"2022-09-14T12:02:37","modified_gmt":"2022-09-14T12:02:37","slug":"direito-do-consumidor","status":"publish","type":"page","link":"https:\/\/azevedoesilvaadvogados.com.br\/index.php\/direito-do-consumidor\/","title":{"rendered":"DIREITO DO CONSUMIDOR:"},"content":{"rendered":"\n<h1 class=\"wp-block-heading\">Exercemos a defesa de direitos de pessoas f\u00edsicas e jur\u00eddicas em processos relacionados \u00e0 repara\u00e7\u00e3o de danos materiais e morais, inclusive no \u00e2mbito das rela\u00e7\u00f5es de consumo, por meio da atua\u00e7\u00e3o de profissionais com vasta experi\u00eancia e qualifica\u00e7\u00e3o nas \u00e1reas espec\u00edficas.<\/h1>\n","protected":false},"excerpt":{"rendered":"<p>Exercemos a defesa de direitos de pessoas f\u00edsicas e jur\u00eddicas em processos relacionados \u00e0 repara\u00e7\u00e3o de danos materiais e morais, inclusive no \u00e2mbito das rela\u00e7\u00f5es de consumo, por meio da atua\u00e7\u00e3o de profissionais com vasta experi\u00eancia e qualifica\u00e7\u00e3o nas \u00e1reas&hellip;<a href=\"https:\/\/azevedoesilvaadvogados.com.br\/index.php\/direito-do-consumidor\/\" class=\"more-link\"><span class=\"more-button\">Continue lendo<span class=\"screen-reader-text\">DIREITO DO CONSUMIDOR:<\/span><\/span><\/a><\/p>\n","protected":false},"author":1,"featured_media":0,"parent":0,"menu_order":0,"comment_status":"closed","ping_status":"closed","template":"","meta":{"_joinchat":[],"footnotes":""},"class_list":["post-21","page","type-page","status-publish","hentry"],"_links":{"self":[{"href":"https:\/\/azevedoesilvaadvogados.com.br\/index.php\/wp-json\/wp\/v2\/pages\/21","targetHints":{"allow":["GET"]}}],"collection":[{"href":"https:\/\/azevedoesilvaadvogados.com.br\/index.php\/wp-json\/wp\/v2\/pages"}],"about":[{"href":"https:\/\/azevedoesilvaadvogados.com.br\/index.php\/wp-json\/wp\/v2\/types\/page"}],"author":[{"embeddable":true,"href":"https:\/\/azevedoesilvaadvogados.com.br\/index.php\/wp-json\/wp\/v2\/users\/1"}],"replies":[{"embeddable":true,"href":"https:\/\/azevedoesilvaadvogados.com.br\/index.php\/wp-json\/wp\/v2\/comments?post=21"}],"version-history":[{"count":2,"href":"https:\/\/azevedoesilvaadvogados.com.br\/index.php\/wp-json\/wp\/v2\/pages\/21\/revisions"}],"predecessor-version":[{"id":257,"href":"https:\/\/azevedoesilvaadvogados.com.br\/index.php\/wp-json\/wp\/v2\/pages\/21\/revisions\/257"}],"wp:attachment":[{"href":"https:\/\/azevedoesilvaadvogados.com.br\/index.php\/wp-json\/wp\/v2\/media?parent=21"}],"curies":[{"name":"wp","href":"https:\/\/api.w.org\/{rel}","templated":true}]}}