{"id":201,"date":"2022-09-13T20:56:57","date_gmt":"2022-09-13T20:56:57","guid":{"rendered":"https:\/\/azevedoesilvaadvogados.com.br\/?page_id=201"},"modified":"2022-09-13T22:18:37","modified_gmt":"2022-09-13T22:18:37","slug":"atendimento-em-todo-brasil","status":"publish","type":"page","link":"https:\/\/azevedoesilvaadvogados.com.br\/index.php\/atendimento-em-todo-brasil\/","title":{"rendered":""},"content":{"rendered":"\n<p>Se voc\u00ea n\u00e3o estiver em Fortaleza\/CE, fale conosco de qualquer lugar, seja atrav\u00e9s do WhatsApp, telefone ou se preferir v\u00eddeoconfer\u00eancia. Estamos alinhados com todas as novas tecnologias de comunica\u00e7\u00e3o para melhor atender voc\u00ea!<\/p>\n\n\n\n<div class=\"wp-block-buttons is-layout-flex wp-block-buttons-is-layout-flex\">\n<div class=\"wp-block-button\"><a class=\"wp-block-button__link\" href=\"https:\/\/azevedoesilvaadvogados.com.br\/\">In\u00edcio<\/a><\/div>\n<\/div>\n","protected":false},"excerpt":{"rendered":"<p>Se voc\u00ea n\u00e3o estiver em Fortaleza\/CE, fale conosco de qualquer lugar, seja atrav\u00e9s do WhatsApp, telefone ou se preferir v\u00eddeoconfer\u00eancia. Estamos alinhados com todas as novas tecnologias de comunica\u00e7\u00e3o para melhor atender voc\u00ea!<\/p>\n","protected":false},"author":1,"featured_media":206,"parent":0,"menu_order":0,"comment_status":"closed","ping_status":"closed","template":"","meta":{"_joinchat":[],"footnotes":""},"class_list":["post-201","page","type-page","status-publish","has-post-thumbnail","hentry"],"_links":{"self":[{"href":"https:\/\/azevedoesilvaadvogados.com.br\/index.php\/wp-json\/wp\/v2\/pages\/201","targetHints":{"allow":["GET"]}}],"collection":[{"href":"https:\/\/azevedoesilvaadvogados.com.br\/index.php\/wp-json\/wp\/v2\/pages"}],"about":[{"href":"https:\/\/azevedoesilvaadvogados.com.br\/index.php\/wp-json\/wp\/v2\/types\/page"}],"author":[{"embeddable":true,"href":"https:\/\/azevedoesilvaadvogados.com.br\/index.php\/wp-json\/wp\/v2\/users\/1"}],"replies":[{"embeddable":true,"href":"https:\/\/azevedoesilvaadvogados.com.br\/index.php\/wp-json\/wp\/v2\/comments?post=201"}],"version-history":[{"count":11,"href":"https:\/\/azevedoesilvaadvogados.com.br\/index.php\/wp-json\/wp\/v2\/pages\/201\/revisions"}],"predecessor-version":[{"id":245,"href":"https:\/\/azevedoesilvaadvogados.com.br\/index.php\/wp-json\/wp\/v2\/pages\/201\/revisions\/245"}],"wp:featuredmedia":[{"embeddable":true,"href":"https:\/\/azevedoesilvaadvogados.com.br\/index.php\/wp-json\/wp\/v2\/media\/206"}],"wp:attachment":[{"href":"https:\/\/azevedoesilvaadvogados.com.br\/index.php\/wp-json\/wp\/v2\/media?parent=201"}],"curies":[{"name":"wp","href":"https:\/\/api.w.org\/{rel}","templated":true}]}}