{"id":197,"date":"2022-09-13T20:43:13","date_gmt":"2022-09-13T20:43:13","guid":{"rendered":"https:\/\/azevedoesilvaadvogados.com.br\/?page_id=197"},"modified":"2022-09-14T12:35:06","modified_gmt":"2022-09-14T12:35:06","slug":"relacionamento-solido","status":"publish","type":"page","link":"https:\/\/azevedoesilvaadvogados.com.br\/index.php\/relacionamento-solido\/","title":{"rendered":""},"content":{"rendered":"\n<p>Nosso escrit\u00f3rio est\u00e1 pautado em oferecer servi\u00e7os de excel\u00eancia com alta qualidade aos nossos clientes e com a maior transpar\u00eancia poss\u00edvel, estando sempre dispon\u00edvel para atender e esclarecer quaisquer informa\u00e7\u00f5es durante todo o tr\u00e2mite processual.<\/p>\n\n\n\n<div class=\"wp-block-buttons is-layout-flex wp-block-buttons-is-layout-flex\">\n<div class=\"wp-block-button\"><a class=\"wp-block-button__link\" href=\"https:\/\/azevedoesilvaadvogados.com.br\/\">In\u00edcio<\/a><\/div>\n<\/div>\n","protected":false},"excerpt":{"rendered":"<p>Nosso escrit\u00f3rio est\u00e1 pautado em oferecer servi\u00e7os de excel\u00eancia com alta qualidade aos nossos clientes e com a maior transpar\u00eancia poss\u00edvel, estando sempre dispon\u00edvel para atender e esclarecer quaisquer informa\u00e7\u00f5es durante todo o tr\u00e2mite processual.<\/p>\n","protected":false},"author":1,"featured_media":205,"parent":0,"menu_order":0,"comment_status":"closed","ping_status":"closed","template":"","meta":{"_joinchat":[],"footnotes":""},"class_list":["post-197","page","type-page","status-publish","has-post-thumbnail","hentry"],"_links":{"self":[{"href":"https:\/\/azevedoesilvaadvogados.com.br\/index.php\/wp-json\/wp\/v2\/pages\/197","targetHints":{"allow":["GET"]}}],"collection":[{"href":"https:\/\/azevedoesilvaadvogados.com.br\/index.php\/wp-json\/wp\/v2\/pages"}],"about":[{"href":"https:\/\/azevedoesilvaadvogados.com.br\/index.php\/wp-json\/wp\/v2\/types\/page"}],"author":[{"embeddable":true,"href":"https:\/\/azevedoesilvaadvogados.com.br\/index.php\/wp-json\/wp\/v2\/users\/1"}],"replies":[{"embeddable":true,"href":"https:\/\/azevedoesilvaadvogados.com.br\/index.php\/wp-json\/wp\/v2\/comments?post=197"}],"version-history":[{"count":6,"href":"https:\/\/azevedoesilvaadvogados.com.br\/index.php\/wp-json\/wp\/v2\/pages\/197\/revisions"}],"predecessor-version":[{"id":270,"href":"https:\/\/azevedoesilvaadvogados.com.br\/index.php\/wp-json\/wp\/v2\/pages\/197\/revisions\/270"}],"wp:featuredmedia":[{"embeddable":true,"href":"https:\/\/azevedoesilvaadvogados.com.br\/index.php\/wp-json\/wp\/v2\/media\/205"}],"wp:attachment":[{"href":"https:\/\/azevedoesilvaadvogados.com.br\/index.php\/wp-json\/wp\/v2\/media?parent=197"}],"curies":[{"name":"wp","href":"https:\/\/api.w.org\/{rel}","templated":true}]}}