{"id":19,"date":"2022-09-09T22:45:17","date_gmt":"2022-09-09T22:45:17","guid":{"rendered":"https:\/\/azevedoesilvaadvogados.com.br\/?page_id=19"},"modified":"2022-09-14T12:05:18","modified_gmt":"2022-09-14T12:05:18","slug":"direito-do-trabalho","status":"publish","type":"page","link":"https:\/\/azevedoesilvaadvogados.com.br\/index.php\/direito-do-trabalho\/","title":{"rendered":"DIREITO DO TRABALHO:"},"content":{"rendered":"\n<h1 class=\"wp-block-heading\">Possu\u00edmos grande experi\u00eancia na \u00e1reas consultiva e contenciosa do direito do trabalho, com advogados especializados, que atuam na busca do reconhecimento de direitos e deveres oriundos da rela\u00e7\u00e3o empregat\u00edcia.<\/h1>\n","protected":false},"excerpt":{"rendered":"<p>Possu\u00edmos grande experi\u00eancia na \u00e1reas consultiva e contenciosa do direito do trabalho, com advogados especializados, que atuam na busca do reconhecimento de direitos e deveres oriundos da rela\u00e7\u00e3o empregat\u00edcia.<\/p>\n","protected":false},"author":1,"featured_media":0,"parent":0,"menu_order":0,"comment_status":"closed","ping_status":"closed","template":"","meta":{"_joinchat":[],"footnotes":""},"class_list":["post-19","page","type-page","status-publish","hentry"],"_links":{"self":[{"href":"https:\/\/azevedoesilvaadvogados.com.br\/index.php\/wp-json\/wp\/v2\/pages\/19","targetHints":{"allow":["GET"]}}],"collection":[{"href":"https:\/\/azevedoesilvaadvogados.com.br\/index.php\/wp-json\/wp\/v2\/pages"}],"about":[{"href":"https:\/\/azevedoesilvaadvogados.com.br\/index.php\/wp-json\/wp\/v2\/types\/page"}],"author":[{"embeddable":true,"href":"https:\/\/azevedoesilvaadvogados.com.br\/index.php\/wp-json\/wp\/v2\/users\/1"}],"replies":[{"embeddable":true,"href":"https:\/\/azevedoesilvaadvogados.com.br\/index.php\/wp-json\/wp\/v2\/comments?post=19"}],"version-history":[{"count":2,"href":"https:\/\/azevedoesilvaadvogados.com.br\/index.php\/wp-json\/wp\/v2\/pages\/19\/revisions"}],"predecessor-version":[{"id":258,"href":"https:\/\/azevedoesilvaadvogados.com.br\/index.php\/wp-json\/wp\/v2\/pages\/19\/revisions\/258"}],"wp:attachment":[{"href":"https:\/\/azevedoesilvaadvogados.com.br\/index.php\/wp-json\/wp\/v2\/media?parent=19"}],"curies":[{"name":"wp","href":"https:\/\/api.w.org\/{rel}","templated":true}]}}