{"id":183,"date":"2022-09-13T19:51:59","date_gmt":"2022-09-13T19:51:59","guid":{"rendered":"https:\/\/azevedoesilvaadvogados.com.br\/?page_id=183"},"modified":"2022-09-14T12:43:11","modified_gmt":"2022-09-14T12:43:11","slug":"blog-de-noticias-juridicas","status":"publish","type":"page","link":"https:\/\/azevedoesilvaadvogados.com.br\/index.php\/blog-de-noticias-juridicas\/","title":{"rendered":""},"content":{"rendered":"\n<p>Equipe de profissionais especialistas e experientes nas mais diversas \u00e1reas jur\u00eddicas, atuando sempre com muita dedica\u00e7\u00e3o e empenho para garantir os direitos de seus clientes.<\/p>\n\n\n\n<div class=\"wp-block-buttons is-layout-flex wp-block-buttons-is-layout-flex\">\n<div class=\"wp-block-button\"><a class=\"wp-block-button__link\" href=\"https:\/\/azevedoesilvaadvogados.com.br\/\">In\u00edcio<\/a><\/div>\n<\/div>\n","protected":false},"excerpt":{"rendered":"<p>Equipe de profissionais especialistas e experientes nas mais diversas \u00e1reas jur\u00eddicas, atuando sempre com muita dedica\u00e7\u00e3o e empenho para garantir os direitos de seus clientes.<\/p>\n","protected":false},"author":1,"featured_media":207,"parent":0,"menu_order":0,"comment_status":"closed","ping_status":"closed","template":"","meta":{"_joinchat":[],"footnotes":""},"class_list":["post-183","page","type-page","status-publish","has-post-thumbnail","hentry"],"_links":{"self":[{"href":"https:\/\/azevedoesilvaadvogados.com.br\/index.php\/wp-json\/wp\/v2\/pages\/183","targetHints":{"allow":["GET"]}}],"collection":[{"href":"https:\/\/azevedoesilvaadvogados.com.br\/index.php\/wp-json\/wp\/v2\/pages"}],"about":[{"href":"https:\/\/azevedoesilvaadvogados.com.br\/index.php\/wp-json\/wp\/v2\/types\/page"}],"author":[{"embeddable":true,"href":"https:\/\/azevedoesilvaadvogados.com.br\/index.php\/wp-json\/wp\/v2\/users\/1"}],"replies":[{"embeddable":true,"href":"https:\/\/azevedoesilvaadvogados.com.br\/index.php\/wp-json\/wp\/v2\/comments?post=183"}],"version-history":[{"count":10,"href":"https:\/\/azevedoesilvaadvogados.com.br\/index.php\/wp-json\/wp\/v2\/pages\/183\/revisions"}],"predecessor-version":[{"id":272,"href":"https:\/\/azevedoesilvaadvogados.com.br\/index.php\/wp-json\/wp\/v2\/pages\/183\/revisions\/272"}],"wp:featuredmedia":[{"embeddable":true,"href":"https:\/\/azevedoesilvaadvogados.com.br\/index.php\/wp-json\/wp\/v2\/media\/207"}],"wp:attachment":[{"href":"https:\/\/azevedoesilvaadvogados.com.br\/index.php\/wp-json\/wp\/v2\/media?parent=183"}],"curies":[{"name":"wp","href":"https:\/\/api.w.org\/{rel}","templated":true}]}}