{"id":16,"date":"2022-09-09T22:38:07","date_gmt":"2022-09-09T22:38:07","guid":{"rendered":"https:\/\/azevedoesilvaadvogados.com.br\/?page_id=16"},"modified":"2024-05-01T14:56:27","modified_gmt":"2024-05-01T14:56:27","slug":"recuperacao-de-rpv-precatorios","status":"publish","type":"page","link":"https:\/\/azevedoesilvaadvogados.com.br\/index.php\/recuperacao-de-rpv-precatorios\/","title":{"rendered":"RECUPERA\u00c7\u00c3O DE RPV\/PRECAT\u00d3RIOS:"},"content":{"rendered":"\n<h1 class=\"wp-block-heading\">Temos destacada atua\u00e7\u00e3o e vasta experi\u00eancia no levantamento e recupera\u00e7\u00e3o de RPV\u2019s e Precat\u00f3rios cancelados em decorr\u00eancia da Lei 13.463\/2017, com diversos clientes j\u00e1 atendidos em todo o Brasil.<\/h1>\n","protected":false},"excerpt":{"rendered":"<p>Temos destacada atua\u00e7\u00e3o e vasta experi\u00eancia no levantamento e recupera\u00e7\u00e3o de RPV\u2019s e Precat\u00f3rios cancelados em decorr\u00eancia da Lei 13.463\/2017, com diversos clientes j\u00e1 atendidos em todo o Brasil.<\/p>\n","protected":false},"author":1,"featured_media":0,"parent":0,"menu_order":0,"comment_status":"closed","ping_status":"closed","template":"","meta":{"_joinchat":[],"footnotes":""},"class_list":["post-16","page","type-page","status-publish","hentry"],"_links":{"self":[{"href":"https:\/\/azevedoesilvaadvogados.com.br\/index.php\/wp-json\/wp\/v2\/pages\/16","targetHints":{"allow":["GET"]}}],"collection":[{"href":"https:\/\/azevedoesilvaadvogados.com.br\/index.php\/wp-json\/wp\/v2\/pages"}],"about":[{"href":"https:\/\/azevedoesilvaadvogados.com.br\/index.php\/wp-json\/wp\/v2\/types\/page"}],"author":[{"embeddable":true,"href":"https:\/\/azevedoesilvaadvogados.com.br\/index.php\/wp-json\/wp\/v2\/users\/1"}],"replies":[{"embeddable":true,"href":"https:\/\/azevedoesilvaadvogados.com.br\/index.php\/wp-json\/wp\/v2\/comments?post=16"}],"version-history":[{"count":2,"href":"https:\/\/azevedoesilvaadvogados.com.br\/index.php\/wp-json\/wp\/v2\/pages\/16\/revisions"}],"predecessor-version":[{"id":262,"href":"https:\/\/azevedoesilvaadvogados.com.br\/index.php\/wp-json\/wp\/v2\/pages\/16\/revisions\/262"}],"wp:attachment":[{"href":"https:\/\/azevedoesilvaadvogados.com.br\/index.php\/wp-json\/wp\/v2\/media?parent=16"}],"curies":[{"name":"wp","href":"https:\/\/api.w.org\/{rel}","templated":true}]}}