{"id":13,"date":"2022-09-09T22:32:42","date_gmt":"2022-09-09T22:32:42","guid":{"rendered":"https:\/\/azevedoesilvaadvogados.com.br\/?page_id=13"},"modified":"2023-03-27T11:31:27","modified_gmt":"2023-03-27T11:31:27","slug":"direito-previdenciario","status":"publish","type":"page","link":"https:\/\/azevedoesilvaadvogados.com.br\/index.php\/direito-previdenciario\/","title":{"rendered":"DIREITO PREVIDENCI\u00c1RIO:"},"content":{"rendered":"\n<h1 class=\"wp-block-heading\">Atuamos na busca de benef\u00edcios previdenci\u00e1rios e assistenciais, como, BPC\/LOAS, aposentadoria por idade, aposentadoria por tempo de contribui\u00e7\u00e3o, aposentadoria especial, aposentadoria por invalidez, pens\u00e3o por morte e aux\u00edlio-doen\u00e7a, al\u00e9m da revis\u00e3o da vida toda.<\/h1>\n","protected":false},"excerpt":{"rendered":"<p>Atuamos na busca de benef\u00edcios previdenci\u00e1rios e assistenciais, como, BPC\/LOAS, aposentadoria por idade, aposentadoria por tempo de contribui\u00e7\u00e3o, aposentadoria especial, aposentadoria por invalidez, pens\u00e3o por morte e aux\u00edlio-doen\u00e7a, al\u00e9m da revis\u00e3o da vida toda.<\/p>\n","protected":false},"author":1,"featured_media":0,"parent":0,"menu_order":0,"comment_status":"closed","ping_status":"closed","template":"","meta":{"_joinchat":[],"footnotes":""},"class_list":["post-13","page","type-page","status-publish","hentry"],"_links":{"self":[{"href":"https:\/\/azevedoesilvaadvogados.com.br\/index.php\/wp-json\/wp\/v2\/pages\/13","targetHints":{"allow":["GET"]}}],"collection":[{"href":"https:\/\/azevedoesilvaadvogados.com.br\/index.php\/wp-json\/wp\/v2\/pages"}],"about":[{"href":"https:\/\/azevedoesilvaadvogados.com.br\/index.php\/wp-json\/wp\/v2\/types\/page"}],"author":[{"embeddable":true,"href":"https:\/\/azevedoesilvaadvogados.com.br\/index.php\/wp-json\/wp\/v2\/users\/1"}],"replies":[{"embeddable":true,"href":"https:\/\/azevedoesilvaadvogados.com.br\/index.php\/wp-json\/wp\/v2\/comments?post=13"}],"version-history":[{"count":3,"href":"https:\/\/azevedoesilvaadvogados.com.br\/index.php\/wp-json\/wp\/v2\/pages\/13\/revisions"}],"predecessor-version":[{"id":476,"href":"https:\/\/azevedoesilvaadvogados.com.br\/index.php\/wp-json\/wp\/v2\/pages\/13\/revisions\/476"}],"wp:attachment":[{"href":"https:\/\/azevedoesilvaadvogados.com.br\/index.php\/wp-json\/wp\/v2\/media?parent=13"}],"curies":[{"name":"wp","href":"https:\/\/api.w.org\/{rel}","templated":true}]}}